{"id":117,"date":"2019-09-26T14:12:45","date_gmt":"2019-09-26T11:12:45","guid":{"rendered":"https:\/\/prykarpattya.top\/tbcompany\/?page_id=117"},"modified":"2019-12-30T17:06:12","modified_gmt":"2019-12-30T15:06:12","slug":"stroytelstvo-y-proektyrovanye-derevyannyh-konstruktsyj","status":"publish","type":"page","link":"https:\/\/t-b.group\/de\/stroytelstvo-y-proektyrovanye-derevyannyh-konstruktsyj\/","title":{"rendered":"Bau und Projektierung von Holzkonstruktionen"},"content":{"rendered":"<p><strong>Unsere Firma f\u00fchrt den gesamten Komplex der Bauarbeiten f\u00fcr schl\u00fcsselfertige Holzh\u00e4user vom Projekt bis zur Fertigstellung durch.<\/strong><\/p>\n<p>Unsere Hauptspezialisierung ist das Entwerfen und Bauen von Vorstadtholzh\u00e4usern, einschlie\u00dflich kanadischen Rahmenh\u00e4usern und Naturstammh\u00e4usern.<\/p>\n<p>Wir planen und bauen nicht nur, sondern vertreten Ihre Interessen auf der Baustelle. Wir organisieren den gesamten Bauprozess, \u00fcberwachen die Materialbeschaffung, w\u00e4hlen und koordinieren Auftragnehmer, f\u00fchren die technische und architektonische \u00dcberwachung des Baus der Anlage durch und sind f\u00fcr unsere Arbeit verantwortlich. Das hei\u00dft, wir \u00fcbernehmen die Funktion des Kundendienstes und des Projektleiters.<\/p>\n<p>Dieser Ansatz f\u00fcr den Bau eines Landhauses ist in einigen skandinavischen und westlichen L\u00e4ndern gesetzlich festgelegt. Wir sind davon \u00fcberzeugt, dass nur so der Bau eines schl\u00fcsselfertigen Holzhauses bestellt werden kann, um Zeit und M\u00fche zu sparen, \u00dcberzahlungen zu vermeiden, maximale Qualit\u00e4t zu erzielen, Termine einzuhalten und eine wirklich unabh\u00e4ngige technische \u00dcberwachung zu gew\u00e4hrleisten.<\/p>\n<p>Das alles stellt sicher, dass Ihr Haus nicht nur langlebig, langlebig und komfortabel ist, sondern auch genau so, wie Sie es sich vorgestellt haben!<\/p>","protected":false},"excerpt":{"rendered":"<p>Unsere Firma f\u00fchrt den gesamten Komplex der Bauarbeiten f\u00fcr schl\u00fcsselfertige Holzh\u00e4user vom Projekt bis zur Fertigstellung durch. Unsere Hauptspezialisierung ist das Entwerfen und Bauen von Vorstadtholzh\u00e4usern, einschlie\u00dflich kanadischen Rahmenh\u00e4usern und Naturstammh\u00e4usern. Wir planen und bauen nicht nur, sondern vertreten Ihre Interessen auf der Baustelle. Wir organisieren den gesamten Bauprozess, \u00fcberwachen die Materialbeschaffung, w\u00e4hlen und koordinieren [&hellip;]<\/p>\n","protected":false},"author":1,"featured_media":288,"parent":0,"menu_order":0,"comment_status":"closed","ping_status":"closed","template":"services-page.php","meta":[],"categories":[23],"tags":[],"_links":{"self":[{"href":"https:\/\/t-b.group\/de\/wp-json\/wp\/v2\/pages\/117"}],"collection":[{"href":"https:\/\/t-b.group\/de\/wp-json\/wp\/v2\/pages"}],"about":[{"href":"https:\/\/t-b.group\/de\/wp-json\/wp\/v2\/types\/page"}],"author":[{"embeddable":true,"href":"https:\/\/t-b.group\/de\/wp-json\/wp\/v2\/users\/1"}],"replies":[{"embeddable":true,"href":"https:\/\/t-b.group\/de\/wp-json\/wp\/v2\/comments?post=117"}],"version-history":[{"count":1,"href":"https:\/\/t-b.group\/de\/wp-json\/wp\/v2\/pages\/117\/revisions"}],"predecessor-version":[{"id":341,"href":"https:\/\/t-b.group\/de\/wp-json\/wp\/v2\/pages\/117\/revisions\/341"}],"wp:featuredmedia":[{"embeddable":true,"href":"https:\/\/t-b.group\/de\/wp-json\/wp\/v2\/media\/288"}],"wp:attachment":[{"href":"https:\/\/t-b.group\/de\/wp-json\/wp\/v2\/media?parent=117"}],"wp:term":[{"taxonomy":"category","embeddable":true,"href":"https:\/\/t-b.group\/de\/wp-json\/wp\/v2\/categories?post=117"},{"taxonomy":"post_tag","embeddable":true,"href":"https:\/\/t-b.group\/de\/wp-json\/wp\/v2\/tags?post=117"}],"curies":[{"name":"wp","href":"https:\/\/api.w.org\/{rel}","templated":true}]}}