{"id":127,"date":"2019-09-26T14:15:42","date_gmt":"2019-09-26T11:15:42","guid":{"rendered":"https:\/\/prykarpattya.top\/tbcompany\/?page_id=127"},"modified":"2020-02-21T11:00:25","modified_gmt":"2020-02-21T09:00:25","slug":"led-monytory","status":"publish","type":"page","link":"https:\/\/t-b.group\/de\/led-monytory\/","title":{"rendered":"Bau vom Outdoor-LED-Anzeigen"},"content":{"rendered":"<p><strong>Unsere Firma bietet Dienstleistungen f\u00fcr die Planung, Lieferung und Installation von gro\u00dfformatigen LED-Bildschirmen an.<\/strong><\/p>\n<p>Videobildschirme werden ein wesentlicher Bestandteil der modernen Stadt. Qualitativ hochwertige dynamische Bilder ziehen die Aufmerksamkeit von Tausenden von Zuschauern auf sich.<\/p>\n<p><strong>Vorteile:<\/strong><\/p>\n<ul>\n<li>Superhelle LEDs.<\/li>\n<li>LED-Bildschirme arbeiten zuverl\u00e4ssig bei extremen Temperaturen und Niederschl\u00e4gen und halten die Arbeitskapazit\u00e4t in einem weiten Temperaturbereich von -40 bis +50 \u0421.<\/li>\n<li>Lebensdauer von 100.000 Stunden.<\/li>\n<li>Arbeitszeiten: 24\/7<\/li>\n<li>F\u00fcr die Produktion von Videobildschirmen verwenden wir nur LEDs von wirklich hoher Qualit\u00e4t, die in China hergestellt werden.<\/li>\n<li>LED-Bildschirme bieten zahlreiche M\u00f6glichkeiten zur Ausgabe von Informationen. So k\u00f6nnen Sie dynamische Werbung, grafische Informationen, Schwarzwei\u00df- und Farbvideos anzeigen.<\/li>\n<li>Die Verwaltung erfolgt in einem lokalen Netzwerk.<\/li>\n<\/ul>\n<p><\/p>","protected":false},"excerpt":{"rendered":"<p>Unsere Firma bietet Dienstleistungen f\u00fcr die Planung, Lieferung und Installation von gro\u00dfformatigen LED-Bildschirmen an. Videobildschirme werden ein wesentlicher Bestandteil der modernen Stadt. Qualitativ hochwertige dynamische Bilder ziehen die Aufmerksamkeit von Tausenden von Zuschauern auf sich. Vorteile: Superhelle LEDs. LED-Bildschirme arbeiten zuverl\u00e4ssig bei extremen Temperaturen und Niederschl\u00e4gen und halten die Arbeitskapazit\u00e4t in einem weiten Temperaturbereich von [&hellip;]<\/p>\n","protected":false},"author":1,"featured_media":304,"parent":0,"menu_order":0,"comment_status":"closed","ping_status":"closed","template":"services-page.php","meta":[],"categories":[23],"tags":[],"_links":{"self":[{"href":"https:\/\/t-b.group\/de\/wp-json\/wp\/v2\/pages\/127"}],"collection":[{"href":"https:\/\/t-b.group\/de\/wp-json\/wp\/v2\/pages"}],"about":[{"href":"https:\/\/t-b.group\/de\/wp-json\/wp\/v2\/types\/page"}],"author":[{"embeddable":true,"href":"https:\/\/t-b.group\/de\/wp-json\/wp\/v2\/users\/1"}],"replies":[{"embeddable":true,"href":"https:\/\/t-b.group\/de\/wp-json\/wp\/v2\/comments?post=127"}],"version-history":[{"count":1,"href":"https:\/\/t-b.group\/de\/wp-json\/wp\/v2\/pages\/127\/revisions"}],"predecessor-version":[{"id":849,"href":"https:\/\/t-b.group\/de\/wp-json\/wp\/v2\/pages\/127\/revisions\/849"}],"wp:featuredmedia":[{"embeddable":true,"href":"https:\/\/t-b.group\/de\/wp-json\/wp\/v2\/media\/304"}],"wp:attachment":[{"href":"https:\/\/t-b.group\/de\/wp-json\/wp\/v2\/media?parent=127"}],"wp:term":[{"taxonomy":"category","embeddable":true,"href":"https:\/\/t-b.group\/de\/wp-json\/wp\/v2\/categories?post=127"},{"taxonomy":"post_tag","embeddable":true,"href":"https:\/\/t-b.group\/de\/wp-json\/wp\/v2\/tags?post=127"}],"curies":[{"name":"wp","href":"https:\/\/api.w.org\/{rel}","templated":true}]}}