{"id":129,"date":"2019-09-26T14:16:12","date_gmt":"2019-09-26T11:16:12","guid":{"rendered":"https:\/\/prykarpattya.top\/tbcompany\/?page_id=129"},"modified":"2020-01-09T18:16:17","modified_gmt":"2020-01-09T16:16:17","slug":"vydeonablyudenye-kamery-systemy-bezopasnosty","status":"publish","type":"page","link":"https:\/\/t-b.group\/de\/vydeonablyudenye-kamery-systemy-bezopasnosty\/","title":{"rendered":"Video\u00fcberwachung. Kameras. Sicherheitssysteme"},"content":{"rendered":"<p>Unsere Firma f\u00fchrt eine verantwortungsvolle Aufgabe aus, um Ihr Haus, Gesch\u00e4ft und anderes Eigentum zu sch\u00fctzen. Wir folgen den neuesten Trends in der Welt der Sicherheit und des Schutzes und ist daher immer auf dem neuesten Stand der Technik. Dies erm\u00f6glicht es uns, der Konkurrenz einen Schritt voraus zu sein und qualitativ hochwertige und vielf\u00e4ltige Video\u00fcberwachungsprodukte in unserer Arbeit einzusetzen.<\/p>\n<p>Man vertraut uns, denn wir bieten an:<\/p>\n<ul>\n<li>Die Qualit\u00e4t der Kameras im Hochlastmodus.<\/li>\n<li>Auswahl der Sicherheitssysteme unter Ber\u00fccksichtigung der Eigenschaften der R\u00e4umlichkeiten sowie der individuellen W\u00fcnsche des Kunden.<\/li>\n<li>P\u00fcnktliche Installation der Ausr\u00fcstung.<\/li>\n<li>Garantie auf Ger\u00e4te vom Hersteller.<\/li>\n<li>Weitere Beratung des Kunden nach getaner Arbeit.<\/li>\n<li>Technischer Support.<\/li>\n<\/ul>\n<p>Wir nehmen von Ihnen einen Alarm f\u00fcr die Sicherheit Ihres Eigentums aus dem Leben.<\/p>\n<p>&nbsp;<\/p>\n<p>UNSERE LEISTUNGEN:<\/p>\n<p>Video\u00fcberwachung f\u00fcr die Wohnung;<\/p>\n<p>Video\u00fcberwachung f\u00fcr Veranden;<\/p>\n<p>Video\u00fcberwachung f\u00fcr ein Privathaus;<\/p>\n<p>Video\u00fcberwachung f\u00fcr Gewerbe- und Industrier\u00e4ume;<\/p>\n<p>Video\u00fcberwachung f\u00fcr B\u00fcros;<\/p>\n<p>Video\u00fcberwachung f\u00fcr Banken;<\/p>\n<p>Zugangskontrollsysteme:<\/p>\n<p>Sicherheitssysteme;<\/p>\n<p>Suche nach Abh\u00f6rern;<\/p>\n<p>Installation von Audio- und Video-Sprechanlagen.<\/p>","protected":false},"excerpt":{"rendered":"<p>Unsere Firma f\u00fchrt eine verantwortungsvolle Aufgabe aus, um Ihr Haus, Gesch\u00e4ft und anderes Eigentum zu sch\u00fctzen. Wir folgen den neuesten Trends in der Welt der Sicherheit und des Schutzes und ist daher immer auf dem neuesten Stand der Technik. Dies erm\u00f6glicht es uns, der Konkurrenz einen Schritt voraus zu sein und qualitativ hochwertige und vielf\u00e4ltige Video\u00fcberwachungsprodukte in unserer Arbeit einzusetzen.<\/p>\n","protected":false},"author":1,"featured_media":301,"parent":0,"menu_order":0,"comment_status":"closed","ping_status":"closed","template":"services-page.php","meta":[],"categories":[23],"tags":[],"_links":{"self":[{"href":"https:\/\/t-b.group\/de\/wp-json\/wp\/v2\/pages\/129"}],"collection":[{"href":"https:\/\/t-b.group\/de\/wp-json\/wp\/v2\/pages"}],"about":[{"href":"https:\/\/t-b.group\/de\/wp-json\/wp\/v2\/types\/page"}],"author":[{"embeddable":true,"href":"https:\/\/t-b.group\/de\/wp-json\/wp\/v2\/users\/1"}],"replies":[{"embeddable":true,"href":"https:\/\/t-b.group\/de\/wp-json\/wp\/v2\/comments?post=129"}],"version-history":[{"count":1,"href":"https:\/\/t-b.group\/de\/wp-json\/wp\/v2\/pages\/129\/revisions"}],"predecessor-version":[{"id":455,"href":"https:\/\/t-b.group\/de\/wp-json\/wp\/v2\/pages\/129\/revisions\/455"}],"wp:featuredmedia":[{"embeddable":true,"href":"https:\/\/t-b.group\/de\/wp-json\/wp\/v2\/media\/301"}],"wp:attachment":[{"href":"https:\/\/t-b.group\/de\/wp-json\/wp\/v2\/media?parent=129"}],"wp:term":[{"taxonomy":"category","embeddable":true,"href":"https:\/\/t-b.group\/de\/wp-json\/wp\/v2\/categories?post=129"},{"taxonomy":"post_tag","embeddable":true,"href":"https:\/\/t-b.group\/de\/wp-json\/wp\/v2\/tags?post=129"}],"curies":[{"name":"wp","href":"https:\/\/api.w.org\/{rel}","templated":true}]}}