{"id":139,"date":"2019-09-27T14:30:52","date_gmt":"2019-09-27T11:30:52","guid":{"rendered":"https:\/\/prykarpattya.top\/tbcompany\/?page_id=139"},"modified":"2021-01-15T12:28:12","modified_gmt":"2021-01-15T10:28:12","slug":"dodatkovyj-rozdil-1","status":"publish","type":"page","link":"https:\/\/t-b.group\/de\/stroytelstvo-y-proektyrovanye-derevyannyh-konstruktsyj\/dodatkovyj-rozdil-1\/","title":{"rendered":"Naturstammh\u00e4user"},"content":{"rendered":"<p><strong>Ein Naturstammhaus  ist einer der Haustypen aus einem ganzen Block des manuellen Schneidens<\/strong><\/p>\n<p>Das Naturstammhaus ist ein Modetrend im modernen Holzhausbau, bei dem Baumst\u00e4mme mit Wurzelelementen au\u00dferhalb des Holzes liegen, was dem Haus einen einzigartigen nat\u00fcrlichen \u201ewilden\u201c Geschmack und nat\u00fcrliche Sch\u00f6nheit verleiht. Angewandte stilisierte Grobbearbeitung, Alterung von Holz. Solche H\u00e4user sehen fantastisch aus und Sie k\u00f6nnen ein einzigartiges Interieur schaffen. Das Haus aus einem wilden Blockhaus ist im Winter warm, im Sommer frisch. Es ist umweltfreundlich und zuverl\u00e4ssig.<\/p>\n<p><div id='gallery-1' class='gallery galleryid-139 gallery-columns-2 gallery-size-thumbnail'><figure class='gallery-item'>\n\t\t\t<div class='gallery-icon portrait'>\n\t\t\t\t<a href='https:\/\/t-b.group\/wp-content\/uploads\/2020\/02\/FB_IMG_1470519774390-min.jpg'><img width=\"222\" height=\"278\" src=\"https:\/\/t-b.group\/wp-content\/uploads\/2020\/02\/FB_IMG_1470519774390-min.jpg\" class=\"attachment-thumbnail size-thumbnail\" alt=\"\" loading=\"lazy\" \/><\/a>\n\t\t\t<\/div><\/figure><figure class='gallery-item'>\n\t\t\t<div class='gallery-icon landscape'>\n\t\t\t\t<a href='https:\/\/t-b.group\/wp-content\/uploads\/2020\/02\/our_work_03_08-min.jpg'><img width=\"371\" height=\"278\" src=\"https:\/\/t-b.group\/wp-content\/uploads\/2020\/02\/our_work_03_08-min.jpg\" class=\"attachment-thumbnail size-thumbnail\" alt=\"\" loading=\"lazy\" \/><\/a>\n\t\t\t<\/div><\/figure><figure class='gallery-item'>\n\t\t\t<div class='gallery-icon portrait'>\n\t\t\t\t<a href='https:\/\/t-b.group\/wp-content\/uploads\/2020\/02\/12646938_1660435040889403_8434069531800325382_n-min.jpg'><img width=\"261\" height=\"278\" src=\"https:\/\/t-b.group\/wp-content\/uploads\/2020\/02\/12646938_1660435040889403_8434069531800325382_n-min.jpg\" class=\"attachment-thumbnail size-thumbnail\" alt=\"\" loading=\"lazy\" \/><\/a>\n\t\t\t<\/div><\/figure><figure class='gallery-item'>\n\t\t\t<div class='gallery-icon landscape'>\n\t\t\t\t<a href='https:\/\/t-b.group\/wp-content\/uploads\/2020\/02\/1929235_1647649462167961_2345837265445073333_n-min.jpg'><img width=\"376\" height=\"247\" src=\"https:\/\/t-b.group\/wp-content\/uploads\/2020\/02\/1929235_1647649462167961_2345837265445073333_n-min.jpg\" class=\"attachment-thumbnail size-thumbnail\" alt=\"\" loading=\"lazy\" \/><\/a>\n\t\t\t<\/div><\/figure><figure class='gallery-item'>\n\t\t\t<div class='gallery-icon landscape'>\n\t\t\t\t<a href='https:\/\/t-b.group\/wp-content\/uploads\/2020\/02\/12647307_1659923304273910_7748796853949760573_n-min.jpg'><img width=\"369\" height=\"278\" src=\"https:\/\/t-b.group\/wp-content\/uploads\/2020\/02\/12647307_1659923304273910_7748796853949760573_n-min.jpg\" class=\"attachment-thumbnail size-thumbnail\" alt=\"\" loading=\"lazy\" \/><\/a>\n\t\t\t<\/div><\/figure><figure class='gallery-item'>\n\t\t\t<div class='gallery-icon landscape'>\n\t\t\t\t<a href='https:\/\/t-b.group\/wp-content\/uploads\/2020\/02\/12376687_1678966879036219_4864199686268290045_n-min.jpg'><img width=\"376\" height=\"250\" src=\"https:\/\/t-b.group\/wp-content\/uploads\/2020\/02\/12376687_1678966879036219_4864199686268290045_n-min.jpg\" class=\"attachment-thumbnail size-thumbnail\" alt=\"\" loading=\"lazy\" \/><\/a>\n\t\t\t<\/div><\/figure><figure class='gallery-item'>\n\t\t\t<div class='gallery-icon landscape'>\n\t\t\t\t<a href='https:\/\/t-b.group\/wp-content\/uploads\/2020\/02\/12190809_1643565582576349_2871881327490788391_n-min.jpg'><img width=\"376\" height=\"252\" src=\"https:\/\/t-b.group\/wp-content\/uploads\/2020\/02\/12190809_1643565582576349_2871881327490788391_n-min.jpg\" class=\"attachment-thumbnail size-thumbnail\" alt=\"\" loading=\"lazy\" \/><\/a>\n\t\t\t<\/div><\/figure><figure class='gallery-item'>\n\t\t\t<div class='gallery-icon landscape'>\n\t\t\t\t<a href='https:\/\/t-b.group\/wp-content\/uploads\/2020\/02\/12651159_1661673044098936_6364547698744843438_n-min.jpg'><img width=\"376\" height=\"251\" src=\"https:\/\/t-b.group\/wp-content\/uploads\/2020\/02\/12651159_1661673044098936_6364547698744843438_n-min.jpg\" class=\"attachment-thumbnail size-thumbnail\" alt=\"\" loading=\"lazy\" \/><\/a>\n\t\t\t<\/div><\/figure><figure class='gallery-item'>\n\t\t\t<div class='gallery-icon landscape'>\n\t\t\t\t<a href='https:\/\/t-b.group\/wp-content\/uploads\/2020\/02\/FB_IMG_1469355678384-min.jpg'><img width=\"376\" height=\"250\" src=\"https:\/\/t-b.group\/wp-content\/uploads\/2020\/02\/FB_IMG_1469355678384-min.jpg\" class=\"attachment-thumbnail size-thumbnail\" alt=\"\" loading=\"lazy\" \/><\/a>\n\t\t\t<\/div><\/figure><figure class='gallery-item'>\n\t\t\t<div class='gallery-icon landscape'>\n\t\t\t\t<a href='https:\/\/t-b.group\/wp-content\/uploads\/2020\/02\/12341145_1642851022647805_5107631534453434512_n-min.jpg'><img width=\"336\" height=\"278\" src=\"https:\/\/t-b.group\/wp-content\/uploads\/2020\/02\/12341145_1642851022647805_5107631534453434512_n-min.jpg\" class=\"attachment-thumbnail size-thumbnail\" alt=\"\" loading=\"lazy\" \/><\/a>\n\t\t\t<\/div><\/figure><figure class='gallery-item'>\n\t\t\t<div class='gallery-icon landscape'>\n\t\t\t\t<a href='https:\/\/t-b.group\/wp-content\/uploads\/2020\/02\/HAGER3-min.jpg'><img width=\"376\" height=\"250\" src=\"https:\/\/t-b.group\/wp-content\/uploads\/2020\/02\/HAGER3-min.jpg\" class=\"attachment-thumbnail size-thumbnail\" alt=\"\" loading=\"lazy\" \/><\/a>\n\t\t\t<\/div><\/figure><figure class='gallery-item'>\n\t\t\t<div class='gallery-icon landscape'>\n\t\t\t\t<a href='https:\/\/t-b.group\/wp-content\/uploads\/2020\/02\/13699953_834797416651371_3208102020545442911_n-min.jpg'><img width=\"371\" height=\"278\" src=\"https:\/\/t-b.group\/wp-content\/uploads\/2020\/02\/13699953_834797416651371_3208102020545442911_n-min.jpg\" class=\"attachment-thumbnail size-thumbnail\" alt=\"\" loading=\"lazy\" \/><\/a>\n\t\t\t<\/div><\/figure><figure class='gallery-item'>\n\t\t\t<div class='gallery-icon landscape'>\n\t\t\t\t<a href='https:\/\/t-b.group\/wp-content\/uploads\/2020\/02\/12439071_1652855531647354_4611292666040358297_n-min.jpg'><img width=\"371\" height=\"278\" src=\"https:\/\/t-b.group\/wp-content\/uploads\/2020\/02\/12439071_1652855531647354_4611292666040358297_n-min.jpg\" class=\"attachment-thumbnail size-thumbnail\" alt=\"\" loading=\"lazy\" \/><\/a>\n\t\t\t<\/div><\/figure><figure class='gallery-item'>\n\t\t\t<div class='gallery-icon landscape'>\n\t\t\t\t<a href='https:\/\/t-b.group\/wp-content\/uploads\/2020\/02\/FB_IMG_1469355666707-min.jpg'><img width=\"371\" height=\"278\" src=\"https:\/\/t-b.group\/wp-content\/uploads\/2020\/02\/FB_IMG_1469355666707-min.jpg\" class=\"attachment-thumbnail size-thumbnail\" alt=\"\" loading=\"lazy\" \/><\/a>\n\t\t\t<\/div><\/figure><figure class='gallery-item'>\n\t\t\t<div class='gallery-icon landscape'>\n\t\t\t\t<a href='https:\/\/t-b.group\/wp-content\/uploads\/2020\/02\/13645352_1719587738307466_4050117434472936996_n-min.jpg'><img width=\"278\" height=\"278\" src=\"https:\/\/t-b.group\/wp-content\/uploads\/2020\/02\/13645352_1719587738307466_4050117434472936996_n-min.jpg\" class=\"attachment-thumbnail size-thumbnail\" alt=\"\" loading=\"lazy\" \/><\/a>\n\t\t\t<\/div><\/figure><figure class='gallery-item'>\n\t\t\t<div class='gallery-icon landscape'>\n\t\t\t\t<a href='https:\/\/t-b.group\/wp-content\/uploads\/2020\/02\/12321311_1642399989359575_5929904377574067380_n-min.jpg'><img width=\"376\" height=\"251\" src=\"https:\/\/t-b.group\/wp-content\/uploads\/2020\/02\/12321311_1642399989359575_5929904377574067380_n-min.jpg\" class=\"attachment-thumbnail size-thumbnail\" alt=\"\" loading=\"lazy\" \/><\/a>\n\t\t\t<\/div><\/figure><figure class='gallery-item'>\n\t\t\t<div class='gallery-icon landscape'>\n\t\t\t\t<a href='https:\/\/t-b.group\/wp-content\/uploads\/2020\/02\/12994392_1686329018300005_4760149726110340310_n-min.jpg'><img width=\"376\" height=\"251\" src=\"https:\/\/t-b.group\/wp-content\/uploads\/2020\/02\/12994392_1686329018300005_4760149726110340310_n-min.jpg\" class=\"attachment-thumbnail size-thumbnail\" alt=\"\" loading=\"lazy\" \/><\/a>\n\t\t\t<\/div><\/figure><figure class='gallery-item'>\n\t\t\t<div class='gallery-icon portrait'>\n\t\t\t\t<a href='https:\/\/t-b.group\/wp-content\/uploads\/2020\/02\/FB_IMG_1470996403711-min.jpg'><img width=\"185\" height=\"278\" src=\"https:\/\/t-b.group\/wp-content\/uploads\/2020\/02\/FB_IMG_1470996403711-min.jpg\" class=\"attachment-thumbnail size-thumbnail\" alt=\"\" loading=\"lazy\" \/><\/a>\n\t\t\t<\/div><\/figure><figure class='gallery-item'>\n\t\t\t<div class='gallery-icon landscape'>\n\t\t\t\t<a href='https:\/\/t-b.group\/wp-content\/uploads\/2020\/02\/12308649_1642236676042573_868319995838880306_n-min.jpg'><img width=\"376\" height=\"244\" src=\"https:\/\/t-b.group\/wp-content\/uploads\/2020\/02\/12308649_1642236676042573_868319995838880306_n-min.jpg\" class=\"attachment-thumbnail size-thumbnail\" alt=\"\" loading=\"lazy\" \/><\/a>\n\t\t\t<\/div><\/figure><figure class='gallery-item'>\n\t\t\t<div class='gallery-icon landscape'>\n\t\t\t\t<a href='https:\/\/t-b.group\/wp-content\/uploads\/2020\/02\/hrudkov11-min.jpg'><img width=\"371\" height=\"278\" src=\"https:\/\/t-b.group\/wp-content\/uploads\/2020\/02\/hrudkov11-min.jpg\" class=\"attachment-thumbnail size-thumbnail\" alt=\"\" loading=\"lazy\" \/><\/a>\n\t\t\t<\/div><\/figure>\n\t\t<\/div>\n<\/p>","protected":false},"excerpt":{"rendered":"<p>Ein Naturstammhaus ist einer der Haustypen aus einem ganzen Block des manuellen Schneidens Das Naturstammhaus ist ein Modetrend im modernen Holzhausbau, bei dem Baumst\u00e4mme mit Wurzelelementen au\u00dferhalb des Holzes liegen, was dem Haus einen einzigartigen nat\u00fcrlichen \u201ewilden\u201c Geschmack und nat\u00fcrliche Sch\u00f6nheit verleiht. Angewandte stilisierte Grobbearbeitung, Alterung von Holz. Solche H\u00e4user sehen fantastisch aus und Sie [&hellip;]<\/p>\n","protected":false},"author":1,"featured_media":968,"parent":117,"menu_order":0,"comment_status":"closed","ping_status":"closed","template":"services-page.php","meta":[],"categories":[],"tags":[],"_links":{"self":[{"href":"https:\/\/t-b.group\/de\/wp-json\/wp\/v2\/pages\/139"}],"collection":[{"href":"https:\/\/t-b.group\/de\/wp-json\/wp\/v2\/pages"}],"about":[{"href":"https:\/\/t-b.group\/de\/wp-json\/wp\/v2\/types\/page"}],"author":[{"embeddable":true,"href":"https:\/\/t-b.group\/de\/wp-json\/wp\/v2\/users\/1"}],"replies":[{"embeddable":true,"href":"https:\/\/t-b.group\/de\/wp-json\/wp\/v2\/comments?post=139"}],"version-history":[{"count":1,"href":"https:\/\/t-b.group\/de\/wp-json\/wp\/v2\/pages\/139\/revisions"}],"predecessor-version":[{"id":852,"href":"https:\/\/t-b.group\/de\/wp-json\/wp\/v2\/pages\/139\/revisions\/852"}],"up":[{"embeddable":true,"href":"https:\/\/t-b.group\/de\/wp-json\/wp\/v2\/pages\/117"}],"wp:featuredmedia":[{"embeddable":true,"href":"https:\/\/t-b.group\/de\/wp-json\/wp\/v2\/media\/968"}],"wp:attachment":[{"href":"https:\/\/t-b.group\/de\/wp-json\/wp\/v2\/media?parent=139"}],"wp:term":[{"taxonomy":"category","embeddable":true,"href":"https:\/\/t-b.group\/de\/wp-json\/wp\/v2\/categories?post=139"},{"taxonomy":"post_tag","embeddable":true,"href":"https:\/\/t-b.group\/de\/wp-json\/wp\/v2\/tags?post=139"}],"curies":[{"name":"wp","href":"https:\/\/api.w.org\/{rel}","templated":true}]}}