{"id":141,"date":"2019-09-27T15:00:13","date_gmt":"2019-09-27T12:00:13","guid":{"rendered":"https:\/\/prykarpattya.top\/tbcompany\/?page_id=141"},"modified":"2021-01-18T00:28:04","modified_gmt":"2021-01-17T22:28:04","slug":"dodatkovyj-rozdil-2","status":"publish","type":"page","link":"https:\/\/t-b.group\/de\/stroytelstvo-y-proektyrovanye-derevyannyh-konstruktsyj\/dodatkovyj-rozdil-2\/","title":{"rendered":"kanadische Rahmenh\u00e4user"},"content":{"rendered":"<p><strong>Heute sind kanadische Rahmenh\u00e4user sehr beliebt, die sich durch Einfachheit und Schnelligkeit der Konstruktion auszeichnen.<\/strong> Der Bauprozess verwendet kosteng\u00fcnstige Materialien, was zu einem praktischen Design mit geringem Arbeitsaufwand f\u00fchrt. Wohnen in einem kanadischen Rahmenhaus &#8211; das bedeutet, ein wirklich komfortables und gem\u00fctliches Zuhause zu w\u00e4hlen. Diese H\u00e4user sind umweltfreundlich und behalten alle notwendigen Eigenschaften.<br \/>\n<div id='gallery-1' class='gallery galleryid-141 gallery-columns-3 gallery-size-thumbnail'><figure class='gallery-item'>\n\t\t\t<div class='gallery-icon landscape'>\n\t\t\t\t<a href='https:\/\/t-b.group\/wp-content\/uploads\/2021\/01\/page3.jpg'><img width=\"376\" height=\"252\" src=\"https:\/\/t-b.group\/wp-content\/uploads\/2021\/01\/page3.jpg\" class=\"attachment-thumbnail size-thumbnail\" alt=\"\" loading=\"lazy\" \/><\/a>\n\t\t\t<\/div><\/figure><figure class='gallery-item'>\n\t\t\t<div class='gallery-icon landscape'>\n\t\t\t\t<a href='https:\/\/t-b.group\/wp-content\/uploads\/2021\/01\/karkasny-dom.jpg'><img width=\"337\" height=\"278\" src=\"https:\/\/t-b.group\/wp-content\/uploads\/2021\/01\/karkasny-dom.jpg\" class=\"attachment-thumbnail size-thumbnail\" alt=\"\" loading=\"lazy\" \/><\/a>\n\t\t\t<\/div><\/figure><figure class='gallery-item'>\n\t\t\t<div class='gallery-icon landscape'>\n\t\t\t\t<a href='https:\/\/t-b.group\/wp-content\/uploads\/2021\/01\/karkasno-shitovoj-dom.jpg'><img width=\"376\" height=\"184\" src=\"https:\/\/t-b.group\/wp-content\/uploads\/2021\/01\/karkasno-shitovoj-dom.jpg\" class=\"attachment-thumbnail size-thumbnail\" alt=\"\" loading=\"lazy\" \/><\/a>\n\t\t\t<\/div><\/figure><figure class='gallery-item'>\n\t\t\t<div class='gallery-icon landscape'>\n\t\t\t\t<a href='https:\/\/t-b.group\/wp-content\/uploads\/2021\/01\/karkasno-shitovie-doma-5-900x675-1.jpg'><img width=\"371\" height=\"278\" src=\"https:\/\/t-b.group\/wp-content\/uploads\/2021\/01\/karkasno-shitovie-doma-5-900x675-1.jpg\" class=\"attachment-thumbnail size-thumbnail\" alt=\"\" loading=\"lazy\" \/><\/a>\n\t\t\t<\/div><\/figure><figure class='gallery-item'>\n\t\t\t<div class='gallery-icon landscape'>\n\t\t\t\t<a href='https:\/\/t-b.group\/wp-content\/uploads\/2021\/01\/karkasno-balochnaja-sistema.jpg'><img width=\"371\" height=\"278\" src=\"https:\/\/t-b.group\/wp-content\/uploads\/2021\/01\/karkasno-balochnaja-sistema.jpg\" class=\"attachment-thumbnail size-thumbnail\" alt=\"\" loading=\"lazy\" aria-describedby=\"gallery-1-1401\" \/><\/a>\n\t\t\t<\/div>\n\t\t\t\t<figcaption class='wp-caption-text gallery-caption' id='gallery-1-1401'>\n\t\t\t\tOLYMPUS DIGITAL CAMERA\n\t\t\t\t<\/figcaption><\/figure><figure class='gallery-item'>\n\t\t\t<div class='gallery-icon landscape'>\n\t\t\t\t<a href='https:\/\/t-b.group\/wp-content\/uploads\/2021\/01\/karkasniye-doma1.jpg'><img width=\"376\" height=\"251\" src=\"https:\/\/t-b.group\/wp-content\/uploads\/2021\/01\/karkasniye-doma1.jpg\" class=\"attachment-thumbnail size-thumbnail\" alt=\"\" loading=\"lazy\" \/><\/a>\n\t\t\t<\/div><\/figure><figure class='gallery-item'>\n\t\t\t<div class='gallery-icon landscape'>\n\t\t\t\t<a href='https:\/\/t-b.group\/wp-content\/uploads\/2021\/01\/image_2020-12-15_23-32-29-2.png'><img width=\"278\" height=\"278\" src=\"https:\/\/t-b.group\/wp-content\/uploads\/2021\/01\/image_2020-12-15_23-32-29-2.png\" class=\"attachment-thumbnail size-thumbnail\" alt=\"\" loading=\"lazy\" \/><\/a>\n\t\t\t<\/div><\/figure><figure class='gallery-item'>\n\t\t\t<div class='gallery-icon landscape'>\n\t\t\t\t<a href='https:\/\/t-b.group\/wp-content\/uploads\/2021\/01\/image_2020-12-15_23-32-29.png'><img width=\"376\" height=\"244\" src=\"https:\/\/t-b.group\/wp-content\/uploads\/2021\/01\/image_2020-12-15_23-32-29.png\" class=\"attachment-thumbnail size-thumbnail\" alt=\"\" loading=\"lazy\" \/><\/a>\n\t\t\t<\/div><\/figure><figure class='gallery-item'>\n\t\t\t<div class='gallery-icon landscape'>\n\t\t\t\t<a href='https:\/\/t-b.group\/wp-content\/uploads\/2021\/01\/image_2020-12-15_23-28-22.png'><img width=\"376\" height=\"205\" src=\"https:\/\/t-b.group\/wp-content\/uploads\/2021\/01\/image_2020-12-15_23-28-22.png\" class=\"attachment-thumbnail size-thumbnail\" alt=\"\" loading=\"lazy\" \/><\/a>\n\t\t\t<\/div><\/figure><figure class='gallery-item'>\n\t\t\t<div class='gallery-icon landscape'>\n\t\t\t\t<a href='https:\/\/t-b.group\/wp-content\/uploads\/2021\/01\/iehnologii.__karkasnie_doma.png'><img width=\"376\" height=\"249\" src=\"https:\/\/t-b.group\/wp-content\/uploads\/2021\/01\/iehnologii.__karkasnie_doma.png\" class=\"attachment-thumbnail size-thumbnail\" alt=\"\" loading=\"lazy\" \/><\/a>\n\t\t\t<\/div><\/figure><figure class='gallery-item'>\n\t\t\t<div class='gallery-icon landscape'>\n\t\t\t\t<a href='https:\/\/t-b.group\/wp-content\/uploads\/2021\/01\/gazobeton-ili-karkas-2.jpg'><img width=\"370\" height=\"278\" src=\"https:\/\/t-b.group\/wp-content\/uploads\/2021\/01\/gazobeton-ili-karkas-2.jpg\" class=\"attachment-thumbnail size-thumbnail\" alt=\"\" loading=\"lazy\" \/><\/a>\n\t\t\t<\/div><\/figure><figure class='gallery-item'>\n\t\t\t<div class='gallery-icon landscape'>\n\t\t\t\t<a href='https:\/\/t-b.group\/wp-content\/uploads\/2021\/01\/etapi-str.jpg'><img width=\"376\" height=\"250\" src=\"https:\/\/t-b.group\/wp-content\/uploads\/2021\/01\/etapi-str.jpg\" class=\"attachment-thumbnail size-thumbnail\" alt=\"\" loading=\"lazy\" \/><\/a>\n\t\t\t<\/div><\/figure><figure class='gallery-item'>\n\t\t\t<div class='gallery-icon landscape'>\n\t\t\t\t<a href='https:\/\/t-b.group\/wp-content\/uploads\/2021\/01\/ec2cc760f4d34e24bd83fa1c274c3e10.jpg'><img width=\"290\" height=\"217\" src=\"https:\/\/t-b.group\/wp-content\/uploads\/2021\/01\/ec2cc760f4d34e24bd83fa1c274c3e10.jpg\" class=\"attachment-thumbnail size-thumbnail\" alt=\"\" loading=\"lazy\" \/><\/a>\n\t\t\t<\/div><\/figure><figure class='gallery-item'>\n\t\t\t<div class='gallery-icon landscape'>\n\t\t\t\t<a href='https:\/\/t-b.group\/wp-content\/uploads\/2021\/01\/e0e19599f6050ebd97498236712b21e9.jpg'><img width=\"370\" height=\"278\" src=\"https:\/\/t-b.group\/wp-content\/uploads\/2021\/01\/e0e19599f6050ebd97498236712b21e9.jpg\" class=\"attachment-thumbnail size-thumbnail\" alt=\"\" loading=\"lazy\" \/><\/a>\n\t\t\t<\/div><\/figure><figure class='gallery-item'>\n\t\t\t<div class='gallery-icon landscape'>\n\t\t\t\t<a href='https:\/\/t-b.group\/wp-content\/uploads\/2021\/01\/c1c9e9951eefaa3a33faff8ba4f9746c.jpg'><img width=\"360\" height=\"270\" src=\"https:\/\/t-b.group\/wp-content\/uploads\/2021\/01\/c1c9e9951eefaa3a33faff8ba4f9746c.jpg\" class=\"attachment-thumbnail size-thumbnail\" alt=\"\" loading=\"lazy\" \/><\/a>\n\t\t\t<\/div><\/figure><figure class='gallery-item'>\n\t\t\t<div class='gallery-icon landscape'>\n\t\t\t\t<a href='https:\/\/t-b.group\/wp-content\/uploads\/2021\/01\/b4a557244a94497d1dccea8132c8e461.jpg'><img width=\"348\" height=\"278\" src=\"https:\/\/t-b.group\/wp-content\/uploads\/2021\/01\/b4a557244a94497d1dccea8132c8e461.jpg\" class=\"attachment-thumbnail size-thumbnail\" alt=\"\" loading=\"lazy\" \/><\/a>\n\t\t\t<\/div><\/figure><figure class='gallery-item'>\n\t\t\t<div class='gallery-icon portrait'>\n\t\t\t\t<a href='https:\/\/t-b.group\/wp-content\/uploads\/2021\/01\/a58ae32de173b2ffea6902531a2e0898.jpg'><img width=\"254\" height=\"278\" src=\"https:\/\/t-b.group\/wp-content\/uploads\/2021\/01\/a58ae32de173b2ffea6902531a2e0898.jpg\" class=\"attachment-thumbnail size-thumbnail\" alt=\"\" loading=\"lazy\" \/><\/a>\n\t\t\t<\/div><\/figure><figure class='gallery-item'>\n\t\t\t<div class='gallery-icon portrait'>\n\t\t\t\t<a href='https:\/\/t-b.group\/wp-content\/uploads\/2021\/01\/61098452889589443c4e8872a6c31d56.jpg'><img width=\"195\" height=\"278\" src=\"https:\/\/t-b.group\/wp-content\/uploads\/2021\/01\/61098452889589443c4e8872a6c31d56.jpg\" class=\"attachment-thumbnail size-thumbnail\" alt=\"\" loading=\"lazy\" \/><\/a>\n\t\t\t<\/div><\/figure><figure class='gallery-item'>\n\t\t\t<div class='gallery-icon landscape'>\n\t\t\t\t<a href='https:\/\/t-b.group\/wp-content\/uploads\/2021\/01\/402489dfa468c490847cf092ed269903.jpg'><img width=\"376\" height=\"211\" src=\"https:\/\/t-b.group\/wp-content\/uploads\/2021\/01\/402489dfa468c490847cf092ed269903.jpg\" class=\"attachment-thumbnail size-thumbnail\" alt=\"\" loading=\"lazy\" \/><\/a>\n\t\t\t<\/div><\/figure><figure class='gallery-item'>\n\t\t\t<div class='gallery-icon landscape'>\n\t\t\t\t<a href='https:\/\/t-b.group\/wp-content\/uploads\/2021\/01\/96054d1c2cc191ec2006c280ac226213.jpg'><img width=\"370\" height=\"278\" src=\"https:\/\/t-b.group\/wp-content\/uploads\/2021\/01\/96054d1c2cc191ec2006c280ac226213.jpg\" class=\"attachment-thumbnail size-thumbnail\" alt=\"\" loading=\"lazy\" \/><\/a>\n\t\t\t<\/div><\/figure><figure class='gallery-item'>\n\t\t\t<div class='gallery-icon landscape'>\n\t\t\t\t<a href='https:\/\/t-b.group\/wp-content\/uploads\/2021\/01\/9363_-TA-TB-TL-_-_-_TD-TP-_0.jpg'><img width=\"376\" height=\"251\" src=\"https:\/\/t-b.group\/wp-content\/uploads\/2021\/01\/9363_-TA-TB-TL-_-_-_TD-TP-_0.jpg\" class=\"attachment-thumbnail size-thumbnail\" alt=\"\" loading=\"lazy\" \/><\/a>\n\t\t\t<\/div><\/figure><figure class='gallery-item'>\n\t\t\t<div class='gallery-icon landscape'>\n\t\t\t\t<a href='https:\/\/t-b.group\/wp-content\/uploads\/2021\/01\/4387cb24f481324a873c9623c9f2cb05.jpg'><img width=\"278\" height=\"278\" src=\"https:\/\/t-b.group\/wp-content\/uploads\/2021\/01\/4387cb24f481324a873c9623c9f2cb05.jpg\" class=\"attachment-thumbnail size-thumbnail\" alt=\"\" loading=\"lazy\" \/><\/a>\n\t\t\t<\/div><\/figure><figure class='gallery-item'>\n\t\t\t<div class='gallery-icon landscape'>\n\t\t\t\t<a href='https:\/\/t-b.group\/wp-content\/uploads\/2021\/01\/994b13488c86f4a5217ad80cfa32deea.jpg'><img width=\"376\" height=\"243\" src=\"https:\/\/t-b.group\/wp-content\/uploads\/2021\/01\/994b13488c86f4a5217ad80cfa32deea.jpg\" class=\"attachment-thumbnail size-thumbnail\" alt=\"\" loading=\"lazy\" \/><\/a>\n\t\t\t<\/div><\/figure><figure class='gallery-item'>\n\t\t\t<div class='gallery-icon landscape'>\n\t\t\t\t<a href='https:\/\/t-b.group\/wp-content\/uploads\/2021\/01\/864c8f8d7f6d25d08c66fdd399bcb10f.jpg'><img width=\"371\" height=\"278\" src=\"https:\/\/t-b.group\/wp-content\/uploads\/2021\/01\/864c8f8d7f6d25d08c66fdd399bcb10f.jpg\" class=\"attachment-thumbnail size-thumbnail\" alt=\"\" loading=\"lazy\" \/><\/a>\n\t\t\t<\/div><\/figure><figure class='gallery-item'>\n\t\t\t<div class='gallery-icon landscape'>\n\t\t\t\t<a href='https:\/\/t-b.group\/wp-content\/uploads\/2021\/01\/664fb3e1efcbfc290a35f6d18b494f7c.jpg'><img width=\"376\" height=\"198\" src=\"https:\/\/t-b.group\/wp-content\/uploads\/2021\/01\/664fb3e1efcbfc290a35f6d18b494f7c.jpg\" class=\"attachment-thumbnail size-thumbnail\" alt=\"\" loading=\"lazy\" \/><\/a>\n\t\t\t<\/div><\/figure><figure class='gallery-item'>\n\t\t\t<div class='gallery-icon landscape'>\n\t\t\t\t<a href='https:\/\/t-b.group\/wp-content\/uploads\/2021\/01\/291d05f8a54880c22cf6c9d25708cadb.jpg'><img width=\"376\" height=\"250\" src=\"https:\/\/t-b.group\/wp-content\/uploads\/2021\/01\/291d05f8a54880c22cf6c9d25708cadb.jpg\" class=\"attachment-thumbnail size-thumbnail\" alt=\"\" loading=\"lazy\" \/><\/a>\n\t\t\t<\/div><\/figure><figure class='gallery-item'>\n\t\t\t<div class='gallery-icon landscape'>\n\t\t\t\t<a href='https:\/\/t-b.group\/wp-content\/uploads\/2021\/01\/80a019c00c7e9aaa92d96a2d6449907c.jpg'><img width=\"370\" height=\"278\" src=\"https:\/\/t-b.group\/wp-content\/uploads\/2021\/01\/80a019c00c7e9aaa92d96a2d6449907c.jpg\" class=\"attachment-thumbnail size-thumbnail\" alt=\"\" loading=\"lazy\" \/><\/a>\n\t\t\t<\/div><\/figure><figure class='gallery-item'>\n\t\t\t<div class='gallery-icon landscape'>\n\t\t\t\t<a href='https:\/\/t-b.group\/wp-content\/uploads\/2021\/01\/62b0908906b1cc46452ebef4ea3f41ab.jpg'><img width=\"370\" height=\"278\" src=\"https:\/\/t-b.group\/wp-content\/uploads\/2021\/01\/62b0908906b1cc46452ebef4ea3f41ab.jpg\" class=\"attachment-thumbnail size-thumbnail\" alt=\"\" loading=\"lazy\" \/><\/a>\n\t\t\t<\/div><\/figure><figure class='gallery-item'>\n\t\t\t<div class='gallery-icon landscape'>\n\t\t\t\t<a href='https:\/\/t-b.group\/wp-content\/uploads\/2021\/01\/33b26a4ea9ddc31e2ce260b9f381b845.jpg'><img width=\"376\" height=\"278\" src=\"https:\/\/t-b.group\/wp-content\/uploads\/2021\/01\/33b26a4ea9ddc31e2ce260b9f381b845.jpg\" class=\"attachment-thumbnail size-thumbnail\" alt=\"\" loading=\"lazy\" \/><\/a>\n\t\t\t<\/div><\/figure><figure class='gallery-item'>\n\t\t\t<div class='gallery-icon landscape'>\n\t\t\t\t<a href='https:\/\/t-b.group\/wp-content\/uploads\/2021\/01\/23f304267ecc30bf06f9a9afe301038f.jpg'><img width=\"370\" height=\"278\" src=\"https:\/\/t-b.group\/wp-content\/uploads\/2021\/01\/23f304267ecc30bf06f9a9afe301038f.jpg\" class=\"attachment-thumbnail size-thumbnail\" alt=\"\" loading=\"lazy\" \/><\/a>\n\t\t\t<\/div><\/figure><figure class='gallery-item'>\n\t\t\t<div class='gallery-icon landscape'>\n\t\t\t\t<a href='https:\/\/t-b.group\/wp-content\/uploads\/2021\/01\/14.jpg'><img width=\"376\" height=\"267\" src=\"https:\/\/t-b.group\/wp-content\/uploads\/2021\/01\/14.jpg\" class=\"attachment-thumbnail size-thumbnail\" alt=\"\" loading=\"lazy\" \/><\/a>\n\t\t\t<\/div><\/figure><figure class='gallery-item'>\n\t\t\t<div class='gallery-icon landscape'>\n\t\t\t\t<a href='https:\/\/t-b.group\/wp-content\/uploads\/2021\/01\/8d51cdbc0aaca75d37c2dd88565a68cf.jpg'><img width=\"376\" height=\"201\" src=\"https:\/\/t-b.group\/wp-content\/uploads\/2021\/01\/8d51cdbc0aaca75d37c2dd88565a68cf.jpg\" class=\"attachment-thumbnail size-thumbnail\" alt=\"\" loading=\"lazy\" \/><\/a>\n\t\t\t<\/div><\/figure><figure class='gallery-item'>\n\t\t\t<div class='gallery-icon landscape'>\n\t\t\t\t<a href='https:\/\/t-b.group\/wp-content\/uploads\/2021\/01\/008b66a734122e50324c7e2260d661ca.jpg'><img width=\"329\" height=\"278\" src=\"https:\/\/t-b.group\/wp-content\/uploads\/2021\/01\/008b66a734122e50324c7e2260d661ca.jpg\" class=\"attachment-thumbnail size-thumbnail\" alt=\"\" loading=\"lazy\" \/><\/a>\n\t\t\t<\/div><\/figure><figure class='gallery-item'>\n\t\t\t<div class='gallery-icon landscape'>\n\t\t\t\t<a href='https:\/\/t-b.group\/wp-content\/uploads\/2021\/01\/7ca8475a562e5bc6bae89f494edb7d53.jpg'><img width=\"370\" height=\"278\" src=\"https:\/\/t-b.group\/wp-content\/uploads\/2021\/01\/7ca8475a562e5bc6bae89f494edb7d53.jpg\" class=\"attachment-thumbnail size-thumbnail\" alt=\"\" loading=\"lazy\" \/><\/a>\n\t\t\t<\/div><\/figure><figure class='gallery-item'>\n\t\t\t<div class='gallery-icon landscape'>\n\t\t\t\t<a href='https:\/\/t-b.group\/wp-content\/uploads\/2021\/01\/6fe158671b586e5a4448e12d83815fd9.jpg'><img width=\"352\" height=\"278\" src=\"https:\/\/t-b.group\/wp-content\/uploads\/2021\/01\/6fe158671b586e5a4448e12d83815fd9.jpg\" class=\"attachment-thumbnail size-thumbnail\" alt=\"\" loading=\"lazy\" \/><\/a>\n\t\t\t<\/div><\/figure><figure class='gallery-item'>\n\t\t\t<div class='gallery-icon landscape'>\n\t\t\t\t<a href='https:\/\/t-b.group\/wp-content\/uploads\/2021\/01\/4e81fff2c0f2446e63a8c34dbee17243.jpg'><img width=\"376\" height=\"251\" src=\"https:\/\/t-b.group\/wp-content\/uploads\/2021\/01\/4e81fff2c0f2446e63a8c34dbee17243.jpg\" class=\"attachment-thumbnail size-thumbnail\" alt=\"\" loading=\"lazy\" \/><\/a>\n\t\t\t<\/div><\/figure><figure class='gallery-item'>\n\t\t\t<div class='gallery-icon landscape'>\n\t\t\t\t<a href='https:\/\/t-b.group\/wp-content\/uploads\/2021\/01\/4.jpg'><img width=\"370\" height=\"278\" src=\"https:\/\/t-b.group\/wp-content\/uploads\/2021\/01\/4.jpg\" class=\"attachment-thumbnail size-thumbnail\" alt=\"\" loading=\"lazy\" \/><\/a>\n\t\t\t<\/div><\/figure><figure class='gallery-item'>\n\t\t\t<div class='gallery-icon landscape'>\n\t\t\t\t<a href='https:\/\/t-b.group\/wp-content\/uploads\/2021\/01\/3e4681b874845a6dca6647eea9145b09.jpg'><img width=\"376\" height=\"211\" src=\"https:\/\/t-b.group\/wp-content\/uploads\/2021\/01\/3e4681b874845a6dca6647eea9145b09.jpg\" class=\"attachment-thumbnail size-thumbnail\" alt=\"\" loading=\"lazy\" \/><\/a>\n\t\t\t<\/div><\/figure><figure class='gallery-item'>\n\t\t\t<div class='gallery-icon landscape'>\n\t\t\t\t<a href='https:\/\/t-b.group\/wp-content\/uploads\/2021\/01\/3d7c495b2e42af818554cfb656c8d337.jpg'><img width=\"370\" height=\"278\" src=\"https:\/\/t-b.group\/wp-content\/uploads\/2021\/01\/3d7c495b2e42af818554cfb656c8d337.jpg\" class=\"attachment-thumbnail size-thumbnail\" alt=\"\" loading=\"lazy\" \/><\/a>\n\t\t\t<\/div><\/figure><figure class='gallery-item'>\n\t\t\t<div class='gallery-icon landscape'>\n\t\t\t\t<a href='https:\/\/t-b.group\/wp-content\/uploads\/2021\/01\/3a22e80b2ddd1de98f797ebfd93a08e9.jpg'><img width=\"370\" height=\"278\" src=\"https:\/\/t-b.group\/wp-content\/uploads\/2021\/01\/3a22e80b2ddd1de98f797ebfd93a08e9.jpg\" class=\"attachment-thumbnail size-thumbnail\" alt=\"\" loading=\"lazy\" \/><\/a>\n\t\t\t<\/div><\/figure><figure class='gallery-item'>\n\t\t\t<div class='gallery-icon portrait'>\n\t\t\t\t<a href='https:\/\/t-b.group\/wp-content\/uploads\/2021\/01\/01de9a71f96310bbe9e73aa91188b4a7.jpg'><img width=\"185\" height=\"278\" src=\"https:\/\/t-b.group\/wp-content\/uploads\/2021\/01\/01de9a71f96310bbe9e73aa91188b4a7.jpg\" class=\"attachment-thumbnail size-thumbnail\" alt=\"\" loading=\"lazy\" \/><\/a>\n\t\t\t<\/div><\/figure>\n\t\t<\/div>\n<\/p>","protected":false},"excerpt":{"rendered":"<p>Heute sind kanadische Rahmenh\u00e4user sehr beliebt, die sich durch Einfachheit und Schnelligkeit der Konstruktion auszeichnen. Der Bauprozess verwendet kosteng\u00fcnstige Materialien, was zu einem praktischen Design mit geringem Arbeitsaufwand f\u00fchrt. Wohnen in einem kanadischen Rahmenhaus &#8211; das bedeutet, ein wirklich komfortables und gem\u00fctliches Zuhause zu w\u00e4hlen. Diese H\u00e4user sind umweltfreundlich und behalten alle notwendigen Eigenschaften.<\/p>\n","protected":false},"author":1,"featured_media":308,"parent":117,"menu_order":0,"comment_status":"closed","ping_status":"closed","template":"services-page.php","meta":[],"categories":[],"tags":[],"_links":{"self":[{"href":"https:\/\/t-b.group\/de\/wp-json\/wp\/v2\/pages\/141"}],"collection":[{"href":"https:\/\/t-b.group\/de\/wp-json\/wp\/v2\/pages"}],"about":[{"href":"https:\/\/t-b.group\/de\/wp-json\/wp\/v2\/types\/page"}],"author":[{"embeddable":true,"href":"https:\/\/t-b.group\/de\/wp-json\/wp\/v2\/users\/1"}],"replies":[{"embeddable":true,"href":"https:\/\/t-b.group\/de\/wp-json\/wp\/v2\/comments?post=141"}],"version-history":[{"count":1,"href":"https:\/\/t-b.group\/de\/wp-json\/wp\/v2\/pages\/141\/revisions"}],"predecessor-version":[{"id":1406,"href":"https:\/\/t-b.group\/de\/wp-json\/wp\/v2\/pages\/141\/revisions\/1406"}],"up":[{"embeddable":true,"href":"https:\/\/t-b.group\/de\/wp-json\/wp\/v2\/pages\/117"}],"wp:featuredmedia":[{"embeddable":true,"href":"https:\/\/t-b.group\/de\/wp-json\/wp\/v2\/media\/308"}],"wp:attachment":[{"href":"https:\/\/t-b.group\/de\/wp-json\/wp\/v2\/media?parent=141"}],"wp:term":[{"taxonomy":"category","embeddable":true,"href":"https:\/\/t-b.group\/de\/wp-json\/wp\/v2\/categories?post=141"},{"taxonomy":"post_tag","embeddable":true,"href":"https:\/\/t-b.group\/de\/wp-json\/wp\/v2\/tags?post=141"}],"curies":[{"name":"wp","href":"https:\/\/api.w.org\/{rel}","templated":true}]}}