{"id":146,"date":"2019-09-27T15:27:38","date_gmt":"2019-09-27T12:27:38","guid":{"rendered":"https:\/\/prykarpattya.top\/tbcompany\/?page_id=146"},"modified":"2020-02-21T11:08:13","modified_gmt":"2020-02-21T09:08:13","slug":"doma-s-polubrusa-yly-otsylyndrovanogo-brusa","status":"publish","type":"page","link":"https:\/\/t-b.group\/de\/stroytelstvo-y-proektyrovanye-derevyannyh-konstruktsyj\/doma-s-polubrusa-yly-otsylyndrovanogo-brusa\/","title":{"rendered":"Rundbohlenh\u00e4user"},"content":{"rendered":"<p><strong>Rundbohlenh\u00e4user sind Ihre beste Wahl. Ein solches Haus sieht \u00e4sthetisch ansprechend und stilvoll aus, weil es auf starken Kronen basiert. Ein solches Haus hat alle Vorteile eines modernen Hauses: Es ist sch\u00f6n und warm, komfortabel und zuverl\u00e4ssig.<\/strong><\/p>\n<p>Das zarte Aroma des Baumes, das in ihm herrscht, hat eine beruhigende Wirkung auf seine Besitzer.<\/p>\n<p>Diese Art von H\u00e4usern wird immer beliebter, weil H\u00e4user aus Holz oder Holzst\u00e4mmen zuverl\u00e4ssig sind, eine gute Schrumpfung aufweisen und auch erschwinglich sind.<\/p>\n<p>Diese Holzart ist eine Synthese aus alter russischer Holzarchitektur und modernen Bautechnologien. Ein solcher Baum sieht immer stilvoll und originell aus, und im Westen gilt diese Art von Holzh\u00e4usern als echter Luxus!<\/p>\n<p><div id='gallery-1' class='gallery galleryid-146 gallery-columns-2 gallery-size-thumbnail'><figure class='gallery-item'>\n\t\t\t<div class='gallery-icon landscape'>\n\t\t\t\t<a href='https:\/\/t-b.group\/wp-content\/uploads\/2020\/02\/stroika-12-004-min.jpg'><img width=\"371\" height=\"278\" src=\"https:\/\/t-b.group\/wp-content\/uploads\/2020\/02\/stroika-12-004-min.jpg\" class=\"attachment-thumbnail size-thumbnail\" alt=\"\" loading=\"lazy\" \/><\/a>\n\t\t\t<\/div><\/figure><figure class='gallery-item'>\n\t\t\t<div class='gallery-icon landscape'>\n\t\t\t\t<a href='https:\/\/t-b.group\/wp-content\/uploads\/2020\/02\/strogannyi-brus-min.jpg'><img width=\"376\" height=\"241\" src=\"https:\/\/t-b.group\/wp-content\/uploads\/2020\/02\/strogannyi-brus-min.jpg\" class=\"attachment-thumbnail size-thumbnail\" alt=\"\" loading=\"lazy\" \/><\/a>\n\t\t\t<\/div><\/figure><figure class='gallery-item'>\n\t\t\t<div class='gallery-icon landscape'>\n\t\t\t\t<a href='https:\/\/t-b.group\/wp-content\/uploads\/2020\/02\/pivbr-6-min.jpg'><img width=\"371\" height=\"278\" src=\"https:\/\/t-b.group\/wp-content\/uploads\/2020\/02\/pivbr-6-min.jpg\" class=\"attachment-thumbnail size-thumbnail\" alt=\"\" loading=\"lazy\" \/><\/a>\n\t\t\t<\/div><\/figure><figure class='gallery-item'>\n\t\t\t<div class='gallery-icon landscape'>\n\t\t\t\t<a href='https:\/\/t-b.group\/wp-content\/uploads\/2020\/02\/pivbrus_3-min.jpg'><img width=\"371\" height=\"278\" src=\"https:\/\/t-b.group\/wp-content\/uploads\/2020\/02\/pivbrus_3-min.jpg\" class=\"attachment-thumbnail size-thumbnail\" alt=\"\" loading=\"lazy\" \/><\/a>\n\t\t\t<\/div><\/figure><figure class='gallery-item'>\n\t\t\t<div class='gallery-icon landscape'>\n\t\t\t\t<a href='https:\/\/t-b.group\/wp-content\/uploads\/2020\/02\/maxresdefault-min.jpg'><img width=\"376\" height=\"212\" src=\"https:\/\/t-b.group\/wp-content\/uploads\/2020\/02\/maxresdefault-min.jpg\" class=\"attachment-thumbnail size-thumbnail\" alt=\"\" loading=\"lazy\" \/><\/a>\n\t\t\t<\/div><\/figure><figure class='gallery-item'>\n\t\t\t<div class='gallery-icon landscape'>\n\t\t\t\t<a href='https:\/\/t-b.group\/wp-content\/uploads\/2020\/02\/derevyannie-doma-besedki-min.jpg'><img width=\"371\" height=\"278\" src=\"https:\/\/t-b.group\/wp-content\/uploads\/2020\/02\/derevyannie-doma-besedki-min.jpg\" class=\"attachment-thumbnail size-thumbnail\" alt=\"\" loading=\"lazy\" \/><\/a>\n\t\t\t<\/div><\/figure><figure class='gallery-item'>\n\t\t\t<div class='gallery-icon landscape'>\n\t\t\t\t<a href='https:\/\/t-b.group\/wp-content\/uploads\/2020\/02\/derevjannyj-dom-iz-brevna_1-min.jpg'><img width=\"376\" height=\"238\" src=\"https:\/\/t-b.group\/wp-content\/uploads\/2020\/02\/derevjannyj-dom-iz-brevna_1-min.jpg\" class=\"attachment-thumbnail size-thumbnail\" alt=\"\" loading=\"lazy\" \/><\/a>\n\t\t\t<\/div><\/figure><figure class='gallery-item'>\n\t\t\t<div class='gallery-icon landscape'>\n\t\t\t\t<a href='https:\/\/t-b.group\/wp-content\/uploads\/2020\/02\/cyl_7-min.jpg'><img width=\"372\" height=\"278\" src=\"https:\/\/t-b.group\/wp-content\/uploads\/2020\/02\/cyl_7-min.jpg\" class=\"attachment-thumbnail size-thumbnail\" alt=\"\" loading=\"lazy\" \/><\/a>\n\t\t\t<\/div><\/figure><figure class='gallery-item'>\n\t\t\t<div class='gallery-icon landscape'>\n\t\t\t\t<a href='https:\/\/t-b.group\/wp-content\/uploads\/2020\/02\/cyl_5-min.jpg'><img width=\"372\" height=\"278\" src=\"https:\/\/t-b.group\/wp-content\/uploads\/2020\/02\/cyl_5-min.jpg\" class=\"attachment-thumbnail size-thumbnail\" alt=\"\" loading=\"lazy\" \/><\/a>\n\t\t\t<\/div><\/figure><figure class='gallery-item'>\n\t\t\t<div class='gallery-icon landscape'>\n\t\t\t\t<a href='https:\/\/t-b.group\/wp-content\/uploads\/2020\/02\/cyl_3-min.jpg'><img width=\"371\" height=\"278\" src=\"https:\/\/t-b.group\/wp-content\/uploads\/2020\/02\/cyl_3-min.jpg\" class=\"attachment-thumbnail size-thumbnail\" alt=\"\" loading=\"lazy\" \/><\/a>\n\t\t\t<\/div><\/figure><figure class='gallery-item'>\n\t\t\t<div class='gallery-icon landscape'>\n\t\t\t\t<a href='https:\/\/t-b.group\/wp-content\/uploads\/2020\/02\/1347278629_1267698835_78120846_5-1267698835-min.jpg'><img width=\"376\" height=\"269\" src=\"https:\/\/t-b.group\/wp-content\/uploads\/2020\/02\/1347278629_1267698835_78120846_5-1267698835-min.jpg\" class=\"attachment-thumbnail size-thumbnail\" alt=\"\" loading=\"lazy\" \/><\/a>\n\t\t\t<\/div><\/figure><figure class='gallery-item'>\n\t\t\t<div class='gallery-icon landscape'>\n\t\t\t\t<a href='https:\/\/t-b.group\/wp-content\/uploads\/2020\/02\/1306757572_0-min.jpg'><img width=\"371\" height=\"278\" src=\"https:\/\/t-b.group\/wp-content\/uploads\/2020\/02\/1306757572_0-min.jpg\" class=\"attachment-thumbnail size-thumbnail\" alt=\"\" loading=\"lazy\" \/><\/a>\n\t\t\t<\/div><\/figure><figure class='gallery-item'>\n\t\t\t<div class='gallery-icon landscape'>\n\t\t\t\t<a href='https:\/\/t-b.group\/wp-content\/uploads\/2020\/02\/1306757279_0-min.jpg'><img width=\"371\" height=\"278\" src=\"https:\/\/t-b.group\/wp-content\/uploads\/2020\/02\/1306757279_0-min.jpg\" class=\"attachment-thumbnail size-thumbnail\" alt=\"\" loading=\"lazy\" \/><\/a>\n\t\t\t<\/div><\/figure><figure class='gallery-item'>\n\t\t\t<div class='gallery-icon landscape'>\n\t\t\t\t<a href='https:\/\/t-b.group\/wp-content\/uploads\/2020\/02\/1306757260_0-min.jpg'><img width=\"371\" height=\"278\" src=\"https:\/\/t-b.group\/wp-content\/uploads\/2020\/02\/1306757260_0-min.jpg\" class=\"attachment-thumbnail size-thumbnail\" alt=\"\" loading=\"lazy\" \/><\/a>\n\t\t\t<\/div><\/figure><figure class='gallery-item'>\n\t\t\t<div class='gallery-icon landscape'>\n\t\t\t\t<a href='https:\/\/t-b.group\/wp-content\/uploads\/2020\/02\/1306757207_0-min.jpg'><img width=\"371\" height=\"278\" src=\"https:\/\/t-b.group\/wp-content\/uploads\/2020\/02\/1306757207_0-min.jpg\" class=\"attachment-thumbnail size-thumbnail\" alt=\"\" loading=\"lazy\" \/><\/a>\n\t\t\t<\/div><\/figure><figure class='gallery-item'>\n\t\t\t<div class='gallery-icon landscape'>\n\t\t\t\t<a href='https:\/\/t-b.group\/wp-content\/uploads\/2020\/02\/9-min.jpg'><img width=\"376\" height=\"262\" src=\"https:\/\/t-b.group\/wp-content\/uploads\/2020\/02\/9-min.jpg\" class=\"attachment-thumbnail size-thumbnail\" alt=\"\" loading=\"lazy\" \/><\/a>\n\t\t\t<\/div><\/figure><figure class='gallery-item'>\n\t\t\t<div class='gallery-icon landscape'>\n\t\t\t\t<a href='https:\/\/t-b.group\/wp-content\/uploads\/2020\/02\/01-min.jpg'><img width=\"376\" height=\"274\" src=\"https:\/\/t-b.group\/wp-content\/uploads\/2020\/02\/01-min.jpg\" class=\"attachment-thumbnail size-thumbnail\" alt=\"\" loading=\"lazy\" \/><\/a>\n\t\t\t<\/div><\/figure><figure class='gallery-item'>\n\t\t\t<div class='gallery-icon portrait'>\n\t\t\t\t<a href='https:\/\/t-b.group\/wp-content\/uploads\/2020\/02\/IMG_20180923_163111.jpg'><img width=\"209\" height=\"278\" src=\"https:\/\/t-b.group\/wp-content\/uploads\/2020\/02\/IMG_20180923_163111.jpg\" class=\"attachment-thumbnail size-thumbnail\" alt=\"\" loading=\"lazy\" \/><\/a>\n\t\t\t<\/div><\/figure><figure class='gallery-item'>\n\t\t\t<div class='gallery-icon portrait'>\n\t\t\t\t<a href='https:\/\/t-b.group\/wp-content\/uploads\/2020\/02\/IMG_20180923_163117.jpg'><img width=\"209\" height=\"278\" src=\"https:\/\/t-b.group\/wp-content\/uploads\/2020\/02\/IMG_20180923_163117.jpg\" class=\"attachment-thumbnail size-thumbnail\" alt=\"\" loading=\"lazy\" \/><\/a>\n\t\t\t<\/div><\/figure><figure class='gallery-item'>\n\t\t\t<div class='gallery-icon portrait'>\n\t\t\t\t<a href='https:\/\/t-b.group\/wp-content\/uploads\/2020\/02\/IMG_20180923_163124.jpg'><img width=\"209\" height=\"278\" src=\"https:\/\/t-b.group\/wp-content\/uploads\/2020\/02\/IMG_20180923_163124.jpg\" class=\"attachment-thumbnail size-thumbnail\" alt=\"\" loading=\"lazy\" \/><\/a>\n\t\t\t<\/div><\/figure><figure class='gallery-item'>\n\t\t\t<div class='gallery-icon landscape'>\n\t\t\t\t<a href='https:\/\/t-b.group\/wp-content\/uploads\/2020\/02\/IMG_20180923_163154.jpg'><img width=\"371\" height=\"278\" src=\"https:\/\/t-b.group\/wp-content\/uploads\/2020\/02\/IMG_20180923_163154.jpg\" class=\"attachment-thumbnail size-thumbnail\" alt=\"\" loading=\"lazy\" \/><\/a>\n\t\t\t<\/div><\/figure><figure class='gallery-item'>\n\t\t\t<div class='gallery-icon portrait'>\n\t\t\t\t<a href='https:\/\/t-b.group\/wp-content\/uploads\/2020\/02\/IMG_20190206_172100.jpg'><img width=\"209\" height=\"278\" src=\"https:\/\/t-b.group\/wp-content\/uploads\/2020\/02\/IMG_20190206_172100.jpg\" class=\"attachment-thumbnail size-thumbnail\" alt=\"\" loading=\"lazy\" \/><\/a>\n\t\t\t<\/div><\/figure><figure class='gallery-item'>\n\t\t\t<div class='gallery-icon portrait'>\n\t\t\t\t<a href='https:\/\/t-b.group\/wp-content\/uploads\/2020\/02\/IMG_20190206_172108.jpg'><img width=\"209\" height=\"278\" src=\"https:\/\/t-b.group\/wp-content\/uploads\/2020\/02\/IMG_20190206_172108.jpg\" class=\"attachment-thumbnail size-thumbnail\" alt=\"\" loading=\"lazy\" \/><\/a>\n\t\t\t<\/div><\/figure><figure class='gallery-item'>\n\t\t\t<div class='gallery-icon portrait'>\n\t\t\t\t<a href='https:\/\/t-b.group\/wp-content\/uploads\/2020\/02\/IMG_20180923_163212.jpg'><img width=\"209\" height=\"278\" src=\"https:\/\/t-b.group\/wp-content\/uploads\/2020\/02\/IMG_20180923_163212.jpg\" class=\"attachment-thumbnail size-thumbnail\" alt=\"\" loading=\"lazy\" \/><\/a>\n\t\t\t<\/div><\/figure><figure class='gallery-item'>\n\t\t\t<div class='gallery-icon portrait'>\n\t\t\t\t<a href='https:\/\/t-b.group\/wp-content\/uploads\/2020\/02\/IMG_20190206_172120.jpg'><img width=\"209\" height=\"278\" src=\"https:\/\/t-b.group\/wp-content\/uploads\/2020\/02\/IMG_20190206_172120.jpg\" class=\"attachment-thumbnail size-thumbnail\" alt=\"\" loading=\"lazy\" \/><\/a>\n\t\t\t<\/div><\/figure><figure class='gallery-item'>\n\t\t\t<div class='gallery-icon portrait'>\n\t\t\t\t<a href='https:\/\/t-b.group\/wp-content\/uploads\/2020\/02\/IMG_20190206_172236.jpg'><img width=\"209\" height=\"278\" src=\"https:\/\/t-b.group\/wp-content\/uploads\/2020\/02\/IMG_20190206_172236.jpg\" class=\"attachment-thumbnail size-thumbnail\" alt=\"\" loading=\"lazy\" \/><\/a>\n\t\t\t<\/div><\/figure><figure class='gallery-item'>\n\t\t\t<div class='gallery-icon portrait'>\n\t\t\t\t<a href='https:\/\/t-b.group\/wp-content\/uploads\/2020\/02\/IMG_20190206_172517.jpg'><img width=\"209\" height=\"278\" src=\"https:\/\/t-b.group\/wp-content\/uploads\/2020\/02\/IMG_20190206_172517.jpg\" class=\"attachment-thumbnail size-thumbnail\" alt=\"\" loading=\"lazy\" \/><\/a>\n\t\t\t<\/div><\/figure>\n\t\t<\/div>\n<\/p>","protected":false},"excerpt":{"rendered":"<p>Rundbohlenh\u00e4user sind Ihre beste Wahl. Ein solches Haus sieht \u00e4sthetisch ansprechend und stilvoll aus, weil es auf starken Kronen basiert. Ein solches Haus hat alle Vorteile eines modernen Hauses: Es ist sch\u00f6n und warm, komfortabel und zuverl\u00e4ssig. Das zarte Aroma des Baumes, das in ihm herrscht, hat eine beruhigende Wirkung auf seine Besitzer. Diese Art [&hellip;]<\/p>\n","protected":false},"author":1,"featured_media":310,"parent":117,"menu_order":0,"comment_status":"closed","ping_status":"closed","template":"services-page.php","meta":[],"categories":[],"tags":[],"_links":{"self":[{"href":"https:\/\/t-b.group\/de\/wp-json\/wp\/v2\/pages\/146"}],"collection":[{"href":"https:\/\/t-b.group\/de\/wp-json\/wp\/v2\/pages"}],"about":[{"href":"https:\/\/t-b.group\/de\/wp-json\/wp\/v2\/types\/page"}],"author":[{"embeddable":true,"href":"https:\/\/t-b.group\/de\/wp-json\/wp\/v2\/users\/1"}],"replies":[{"embeddable":true,"href":"https:\/\/t-b.group\/de\/wp-json\/wp\/v2\/comments?post=146"}],"version-history":[{"count":1,"href":"https:\/\/t-b.group\/de\/wp-json\/wp\/v2\/pages\/146\/revisions"}],"predecessor-version":[{"id":851,"href":"https:\/\/t-b.group\/de\/wp-json\/wp\/v2\/pages\/146\/revisions\/851"}],"up":[{"embeddable":true,"href":"https:\/\/t-b.group\/de\/wp-json\/wp\/v2\/pages\/117"}],"wp:featuredmedia":[{"embeddable":true,"href":"https:\/\/t-b.group\/de\/wp-json\/wp\/v2\/media\/310"}],"wp:attachment":[{"href":"https:\/\/t-b.group\/de\/wp-json\/wp\/v2\/media?parent=146"}],"wp:term":[{"taxonomy":"category","embeddable":true,"href":"https:\/\/t-b.group\/de\/wp-json\/wp\/v2\/categories?post=146"},{"taxonomy":"post_tag","embeddable":true,"href":"https:\/\/t-b.group\/de\/wp-json\/wp\/v2\/tags?post=146"}],"curies":[{"name":"wp","href":"https:\/\/api.w.org\/{rel}","templated":true}]}}