{"id":148,"date":"2019-09-27T15:28:18","date_gmt":"2019-09-27T12:28:18","guid":{"rendered":"https:\/\/prykarpattya.top\/tbcompany\/?page_id=148"},"modified":"2019-12-30T17:09:45","modified_gmt":"2019-12-30T15:09:45","slug":"kryshy","status":"publish","type":"page","link":"https:\/\/t-b.group\/de\/stroytelstvo-y-proektyrovanye-derevyannyh-konstruktsyj\/kryshy\/","title":{"rendered":"Dachkonstruktion"},"content":{"rendered":"<p><strong>Unser Unternehmen bietet seinen Kunden die fachgerechte Montage des Dachsystems Ihres Hauses, schl\u00fcsselfertige Dachkonstruktion.<\/strong><\/p>\n<p>Alle Dacharbeiten werden von unseren eigenen professionellen Teams unserer Firma durchgef\u00fchrt. Die Bauphasen werden von den Ingenieuren des Unternehmens \u00fcberwacht. Die Anwesenheit spezialisierter Teams f\u00fcr verschiedene Arten von Arbeiten erm\u00f6glicht es Ihnen, auch die komplexesten Aufgaben zu l\u00f6sen, zum Beispiel ein kombiniertes Dach oder das Ersetzen einer alten Beschichtung. Die Bauarbeiten werden so schnell wie m\u00f6glich unter strikter Einhaltung aller derzeit geltenden Bauvorschriften durchgef\u00fchrt.<\/p>","protected":false},"excerpt":{"rendered":"<p>Unser Unternehmen bietet seinen Kunden die fachgerechte Montage des Dachsystems Ihres Hauses, schl\u00fcsselfertige Dachkonstruktion. Alle Dacharbeiten werden von unseren eigenen professionellen Teams unserer Firma durchgef\u00fchrt. Die Bauphasen werden von den Ingenieuren des Unternehmens \u00fcberwacht. Die Anwesenheit spezialisierter Teams f\u00fcr verschiedene Arten von Arbeiten erm\u00f6glicht es Ihnen, auch die komplexesten Aufgaben zu l\u00f6sen, zum Beispiel ein [&hellip;]<\/p>\n","protected":false},"author":1,"featured_media":319,"parent":117,"menu_order":0,"comment_status":"closed","ping_status":"closed","template":"services-page.php","meta":[],"categories":[],"tags":[],"_links":{"self":[{"href":"https:\/\/t-b.group\/de\/wp-json\/wp\/v2\/pages\/148"}],"collection":[{"href":"https:\/\/t-b.group\/de\/wp-json\/wp\/v2\/pages"}],"about":[{"href":"https:\/\/t-b.group\/de\/wp-json\/wp\/v2\/types\/page"}],"author":[{"embeddable":true,"href":"https:\/\/t-b.group\/de\/wp-json\/wp\/v2\/users\/1"}],"replies":[{"embeddable":true,"href":"https:\/\/t-b.group\/de\/wp-json\/wp\/v2\/comments?post=148"}],"version-history":[{"count":1,"href":"https:\/\/t-b.group\/de\/wp-json\/wp\/v2\/pages\/148\/revisions"}],"predecessor-version":[{"id":327,"href":"https:\/\/t-b.group\/de\/wp-json\/wp\/v2\/pages\/148\/revisions\/327"}],"up":[{"embeddable":true,"href":"https:\/\/t-b.group\/de\/wp-json\/wp\/v2\/pages\/117"}],"wp:featuredmedia":[{"embeddable":true,"href":"https:\/\/t-b.group\/de\/wp-json\/wp\/v2\/media\/319"}],"wp:attachment":[{"href":"https:\/\/t-b.group\/de\/wp-json\/wp\/v2\/media?parent=148"}],"wp:term":[{"taxonomy":"category","embeddable":true,"href":"https:\/\/t-b.group\/de\/wp-json\/wp\/v2\/categories?post=148"},{"taxonomy":"post_tag","embeddable":true,"href":"https:\/\/t-b.group\/de\/wp-json\/wp\/v2\/tags?post=148"}],"curies":[{"name":"wp","href":"https:\/\/api.w.org\/{rel}","templated":true}]}}