{"id":150,"date":"2019-09-27T15:28:59","date_gmt":"2019-09-27T12:28:59","guid":{"rendered":"https:\/\/prykarpattya.top\/tbcompany\/?page_id=150"},"modified":"2019-12-30T17:10:31","modified_gmt":"2019-12-30T15:10:31","slug":"lestnytsy-dykar","status":"publish","type":"page","link":"https:\/\/t-b.group\/de\/stroytelstvo-y-proektyrovanye-derevyannyh-konstruktsyj\/lestnytsy-dykar\/","title":{"rendered":"Stammholztreppen"},"content":{"rendered":"<p><strong>F\u00fcr ein Blockhaus oder eine H\u00fctte ist Treppe aus Blockst\u00e4mmen ideal. Die Holzteile haben ein sch\u00f6nes Aussehen und sind f\u00fcr die Herstellung von Stufen geeignet.<\/strong><\/p>\n<p>Rundh\u00f6lzer sind ein kosteng\u00fcnstiges Baumaterial, das zum Bauen von H\u00e4usern, zum Erstellen von Treppen und als dekoratives Element in R\u00e4umen verwendet wird. Die Kosten f\u00fcr die Treppe h\u00e4ngen von der Menge des verwendeten Materials ab.<\/p>","protected":false},"excerpt":{"rendered":"<p>F\u00fcr ein Blockhaus oder eine H\u00fctte ist Treppe aus Blockst\u00e4mmen ideal. Die Holzteile haben ein sch\u00f6nes Aussehen und sind f\u00fcr die Herstellung von Stufen geeignet. Rundh\u00f6lzer sind ein kosteng\u00fcnstiges Baumaterial, das zum Bauen von H\u00e4usern, zum Erstellen von Treppen und als dekoratives Element in R\u00e4umen verwendet wird. Die Kosten f\u00fcr die Treppe h\u00e4ngen von der [&hellip;]<\/p>\n","protected":false},"author":1,"featured_media":317,"parent":117,"menu_order":0,"comment_status":"closed","ping_status":"closed","template":"services-page.php","meta":[],"categories":[],"tags":[],"_links":{"self":[{"href":"https:\/\/t-b.group\/de\/wp-json\/wp\/v2\/pages\/150"}],"collection":[{"href":"https:\/\/t-b.group\/de\/wp-json\/wp\/v2\/pages"}],"about":[{"href":"https:\/\/t-b.group\/de\/wp-json\/wp\/v2\/types\/page"}],"author":[{"embeddable":true,"href":"https:\/\/t-b.group\/de\/wp-json\/wp\/v2\/users\/1"}],"replies":[{"embeddable":true,"href":"https:\/\/t-b.group\/de\/wp-json\/wp\/v2\/comments?post=150"}],"version-history":[{"count":1,"href":"https:\/\/t-b.group\/de\/wp-json\/wp\/v2\/pages\/150\/revisions"}],"predecessor-version":[{"id":418,"href":"https:\/\/t-b.group\/de\/wp-json\/wp\/v2\/pages\/150\/revisions\/418"}],"up":[{"embeddable":true,"href":"https:\/\/t-b.group\/de\/wp-json\/wp\/v2\/pages\/117"}],"wp:featuredmedia":[{"embeddable":true,"href":"https:\/\/t-b.group\/de\/wp-json\/wp\/v2\/media\/317"}],"wp:attachment":[{"href":"https:\/\/t-b.group\/de\/wp-json\/wp\/v2\/media?parent=150"}],"wp:term":[{"taxonomy":"category","embeddable":true,"href":"https:\/\/t-b.group\/de\/wp-json\/wp\/v2\/categories?post=150"},{"taxonomy":"post_tag","embeddable":true,"href":"https:\/\/t-b.group\/de\/wp-json\/wp\/v2\/tags?post=150"}],"curies":[{"name":"wp","href":"https:\/\/api.w.org\/{rel}","templated":true}]}}