{"id":152,"date":"2019-09-27T15:29:34","date_gmt":"2019-09-27T12:29:34","guid":{"rendered":"https:\/\/prykarpattya.top\/tbcompany\/?page_id=152"},"modified":"2019-12-30T17:11:47","modified_gmt":"2019-12-30T15:11:47","slug":"proektyrovanye-derevyannyh-domov-y-drugyh-konstruktsyj","status":"publish","type":"page","link":"https:\/\/t-b.group\/de\/stroytelstvo-y-proektyrovanye-derevyannyh-konstruktsyj\/proektyrovanye-derevyannyh-domov-y-drugyh-konstruktsyj\/","title":{"rendered":"Projektierung von Holzh\u00e4usern und anderen Strukturen"},"content":{"rendered":"<p>Unsere Firma entwirft Holzh\u00e4user, H\u00e4user, Saunen, B\u00e4der, Pavillons und verschiedene architektonische Formen. Wir erf\u00fcllen alle W\u00fcnsche des Kunden unter Ber\u00fccksichtigung Ihrer Anforderungen.<\/p>\n<p>Wir stellen ein Paket mit Dokumenten zur Verf\u00fcgung, die f\u00fcr die Herstellung und den Bau von Holzh\u00e4usern und anderen Konstruktionen erforderlich sind.<\/p>","protected":false},"excerpt":{"rendered":"<p>Unsere Firma entwirft Holzh\u00e4user, H\u00e4user, Saunen, B\u00e4der, Pavillons und verschiedene architektonische Formen. Wir erf\u00fcllen alle W\u00fcnsche des Kunden unter Ber\u00fccksichtigung Ihrer Anforderungen. Wir stellen ein Paket mit Dokumenten zur Verf\u00fcgung, die f\u00fcr die Herstellung und den Bau von Holzh\u00e4usern und anderen Konstruktionen erforderlich sind.<\/p>\n","protected":false},"author":1,"featured_media":70,"parent":117,"menu_order":0,"comment_status":"closed","ping_status":"closed","template":"services-page.php","meta":[],"categories":[],"tags":[],"_links":{"self":[{"href":"https:\/\/t-b.group\/de\/wp-json\/wp\/v2\/pages\/152"}],"collection":[{"href":"https:\/\/t-b.group\/de\/wp-json\/wp\/v2\/pages"}],"about":[{"href":"https:\/\/t-b.group\/de\/wp-json\/wp\/v2\/types\/page"}],"author":[{"embeddable":true,"href":"https:\/\/t-b.group\/de\/wp-json\/wp\/v2\/users\/1"}],"replies":[{"embeddable":true,"href":"https:\/\/t-b.group\/de\/wp-json\/wp\/v2\/comments?post=152"}],"version-history":[{"count":1,"href":"https:\/\/t-b.group\/de\/wp-json\/wp\/v2\/pages\/152\/revisions"}],"predecessor-version":[{"id":419,"href":"https:\/\/t-b.group\/de\/wp-json\/wp\/v2\/pages\/152\/revisions\/419"}],"up":[{"embeddable":true,"href":"https:\/\/t-b.group\/de\/wp-json\/wp\/v2\/pages\/117"}],"wp:featuredmedia":[{"embeddable":true,"href":"https:\/\/t-b.group\/de\/wp-json\/wp\/v2\/media\/70"}],"wp:attachment":[{"href":"https:\/\/t-b.group\/de\/wp-json\/wp\/v2\/media?parent=152"}],"wp:term":[{"taxonomy":"category","embeddable":true,"href":"https:\/\/t-b.group\/de\/wp-json\/wp\/v2\/categories?post=152"},{"taxonomy":"post_tag","embeddable":true,"href":"https:\/\/t-b.group\/de\/wp-json\/wp\/v2\/tags?post=152"}],"curies":[{"name":"wp","href":"https:\/\/api.w.org\/{rel}","templated":true}]}}