{"id":40,"date":"2019-08-20T22:59:23","date_gmt":"2019-08-20T19:59:23","guid":{"rendered":"https:\/\/prykarpattya.top\/tbcompany\/?page_id=40"},"modified":"2021-01-28T17:28:46","modified_gmt":"2021-01-28T15:28:46","slug":"about-us","status":"publish","type":"page","link":"https:\/\/t-b.group\/de\/about-us\/","title":{"rendered":"\u00dcber uns"},"content":{"rendered":"<p>Baugesellschaft &#8220;T-B Group&#8221; hat ihre Gesch\u00e4ftst\u00e4tigkeit im Jahr 2010 aufgenommen. Zusammen mit ihren Partnern baute sie Holzh\u00e4user, nahm an allukrainischen und internationalen Ausstellungen teil, studierte ihre eigenen Fehler, sammelte Erfahrungen. Mit jedem Jahr wurde das Unternehmen besser und erweiterte sein Leistungsspektrum. Im Jahr 2015 wurde \u00a0der erste LED-Monitor f\u00fcr den Au\u00dfenbereich in Deutschland gebaut und organisiert einen vollst\u00e4ndigen Zyklus von Projektdienstleistungen, einschlie\u00dflich der Lieferung von LED-Modulen aus China, der Zollabfertigung im Hafen und des allgemeinen Projektmanagements, das noch l\u00e4uft. Seitdem haben wir unsere Arbeit erweitert und viele Projekte umgesetzt.<\/p>\n<p>Alle bisherigen Erfahrungen unseres Unternehmens haben sich heute in seiner Hauptrichtung vereint &#8211; Beratung mit juristischer Unterst\u00fctzung, um sicherzustellen, dass seine Kunden mit Professionalit\u00e4t zufrieden sind und in Zukunft mit uns sein m\u00f6chten.<\/p>","protected":false},"excerpt":{"rendered":"<p>Baugesellschaft &#8220;T-B Group&#8221; hat ihre Gesch\u00e4ftst\u00e4tigkeit im Jahr 2010 aufgenommen. Zusammen mit ihren Partnern baute sie Holzh\u00e4user, nahm an allukrainischen und internationalen Ausstellungen teil, studierte ihre eigenen Fehler, sammelte Erfahrungen.<\/p>\n","protected":false},"author":1,"featured_media":0,"parent":0,"menu_order":0,"comment_status":"closed","ping_status":"closed","template":"","meta":[],"categories":[],"tags":[],"_links":{"self":[{"href":"https:\/\/t-b.group\/de\/wp-json\/wp\/v2\/pages\/40"}],"collection":[{"href":"https:\/\/t-b.group\/de\/wp-json\/wp\/v2\/pages"}],"about":[{"href":"https:\/\/t-b.group\/de\/wp-json\/wp\/v2\/types\/page"}],"author":[{"embeddable":true,"href":"https:\/\/t-b.group\/de\/wp-json\/wp\/v2\/users\/1"}],"replies":[{"embeddable":true,"href":"https:\/\/t-b.group\/de\/wp-json\/wp\/v2\/comments?post=40"}],"version-history":[{"count":1,"href":"https:\/\/t-b.group\/de\/wp-json\/wp\/v2\/pages\/40\/revisions"}],"predecessor-version":[{"id":1432,"href":"https:\/\/t-b.group\/de\/wp-json\/wp\/v2\/pages\/40\/revisions\/1432"}],"wp:attachment":[{"href":"https:\/\/t-b.group\/de\/wp-json\/wp\/v2\/media?parent=40"}],"wp:term":[{"taxonomy":"category","embeddable":true,"href":"https:\/\/t-b.group\/de\/wp-json\/wp\/v2\/categories?post=40"},{"taxonomy":"post_tag","embeddable":true,"href":"https:\/\/t-b.group\/de\/wp-json\/wp\/v2\/tags?post=40"}],"curies":[{"name":"wp","href":"https:\/\/api.w.org\/{rel}","templated":true}]}}